{"id":101,"date":"2017-07-05T17:34:24","date_gmt":"2017-07-05T15:34:24","guid":{"rendered":"https:\/\/www.gotha3.de\/forschungsblog\/?page_id=101"},"modified":"2021-12-29T19:16:07","modified_gmt":"2021-12-29T18:16:07","slug":"gotha-um-1800-natur-wissenschaft-geschichte","status":"publish","type":"page","link":"https:\/\/www.gotha3.de\/forschungsblog\/projekte\/gotha-um-1800-natur-wissenschaft-geschichte","title":{"rendered":"Gotha um 1800. Natur \u2013 Wissenschaft \u2013 Geschichte"},"content":{"rendered":"<h2>Gotha um 1800. Natur \u2013 Wissenschaft \u2013 Geschichte<\/h2>\n<figure id=\"attachment_2584\" aria-describedby=\"caption-attachment-2584\" style=\"width: 2000px\" class=\"wp-caption aligncenter\"><img decoding=\"async\" loading=\"lazy\" class=\"wp-image-2584 size-full\" src=\"https:\/\/www.gotha3.de\/forschungsblog\/wp-content\/uploads\/2017\/07\/cropped-SternwarteGothaSeeberg.jpg\" alt=\"\" width=\"2000\" height=\"1199\" srcset=\"https:\/\/www.gotha3.de\/forschungsblog\/wp-content\/uploads\/2017\/07\/cropped-SternwarteGothaSeeberg.jpg 2000w, https:\/\/www.gotha3.de\/forschungsblog\/wp-content\/uploads\/2017\/07\/cropped-SternwarteGothaSeeberg-300x180.jpg 300w, https:\/\/www.gotha3.de\/forschungsblog\/wp-content\/uploads\/2017\/07\/cropped-SternwarteGothaSeeberg-768x460.jpg 768w, https:\/\/www.gotha3.de\/forschungsblog\/wp-content\/uploads\/2017\/07\/cropped-SternwarteGothaSeeberg-1024x614.jpg 1024w\" sizes=\"(max-width: 767px) 89vw, (max-width: 1000px) 54vw, (max-width: 1071px) 543px, 580px\" \/><figcaption id=\"caption-attachment-2584\" class=\"wp-caption-text\">Sternwarte auf dem Seeberg bei Gotha<\/figcaption><\/figure>\n<p>Um 1800 entstanden in Gotha Forschungen und Sammlungen zur Astronomie und Geod\u00e4sie, zu Mineralogie und Pal\u00e4ontologie, zur Konchyliologie und Ornithologie. Der im 19. Jahrhundert in Gotha als Kartograph t\u00e4tige Heinrich Berghaus urteilte deshalb 1840:<\/p>\n<blockquote><p>&#8222;Die beiden Lichtpuncte Th\u00fcringens waren Weimar und Gotha; von ihnen strahlte geistige Kultur nach allen Richtungen der weiten deutschen Gaue: Weimar ist die Wiege deutscher Literatur und Kunst gewesen, Gotha ein Sitz ernster Wissenschaften, die hohe Schule der Erd- und Himmelskunde.&#8220;<\/p><\/blockquote>\n<p>Das Projekt &#8222;Gotha um 1800. Natur &#8211; Wissenschaft &#8211; Geschichte&#8220; fragt danach, welche Erkenntnisse die Gothaer Sammlungen und Forschungen generierten, welche Akteure daran beteiligt waren und welche Geltung die Gothaer Forschung innerhalb gelehrter Netzwerke beanspruchen konnte.<\/p>\n","protected":false},"excerpt":{"rendered":"<p>Gotha um 1800. Natur \u2013 Wissenschaft \u2013 Geschichte Um 1800 entstanden in Gotha Forschungen und Sammlungen zur Astronomie und Geod\u00e4sie, zu Mineralogie und Pal\u00e4ontologie, zur Konchyliologie und Ornithologie. Der im 19. Jahrhundert in Gotha als Kartograph t\u00e4tige Heinrich Berghaus urteilte deshalb 1840: &#8222;Die beiden Lichtpuncte Th\u00fcringens waren Weimar und Gotha; von ihnen strahlte geistige Kultur &hellip; <\/p>\n<p class=\"link-more\"><a href=\"https:\/\/www.gotha3.de\/forschungsblog\/projekte\/gotha-um-1800-natur-wissenschaft-geschichte\" class=\"more-link\"><span class=\"screen-reader-text\">\u201eGotha um 1800. Natur \u2013 Wissenschaft \u2013 Geschichte\u201c<\/span> weiterlesen<\/a><\/p>\n","protected":false},"author":2,"featured_media":0,"parent":2689,"menu_order":0,"comment_status":"closed","ping_status":"closed","template":"","meta":[],"post_mailing_queue_ids":[],"_links":{"self":[{"href":"https:\/\/www.gotha3.de\/forschungsblog\/wp-json\/wp\/v2\/pages\/101"}],"collection":[{"href":"https:\/\/www.gotha3.de\/forschungsblog\/wp-json\/wp\/v2\/pages"}],"about":[{"href":"https:\/\/www.gotha3.de\/forschungsblog\/wp-json\/wp\/v2\/types\/page"}],"author":[{"embeddable":true,"href":"https:\/\/www.gotha3.de\/forschungsblog\/wp-json\/wp\/v2\/users\/2"}],"replies":[{"embeddable":true,"href":"https:\/\/www.gotha3.de\/forschungsblog\/wp-json\/wp\/v2\/comments?post=101"}],"version-history":[{"count":17,"href":"https:\/\/www.gotha3.de\/forschungsblog\/wp-json\/wp\/v2\/pages\/101\/revisions"}],"predecessor-version":[{"id":5181,"href":"https:\/\/www.gotha3.de\/forschungsblog\/wp-json\/wp\/v2\/pages\/101\/revisions\/5181"}],"up":[{"embeddable":true,"href":"https:\/\/www.gotha3.de\/forschungsblog\/wp-json\/wp\/v2\/pages\/2689"}],"wp:attachment":[{"href":"https:\/\/www.gotha3.de\/forschungsblog\/wp-json\/wp\/v2\/media?parent=101"}],"curies":[{"name":"wp","href":"https:\/\/api.w.org\/{rel}","templated":true}]}}