{"id":2531,"date":"2017-09-06T13:08:46","date_gmt":"2017-09-06T11:08:46","guid":{"rendered":"https:\/\/www.gotha3.de\/forschungsblog\/?page_id=2531"},"modified":"2019-03-01T16:58:07","modified_gmt":"2019-03-01T15:58:07","slug":"ausschreibungen","status":"publish","type":"page","link":"https:\/\/www.gotha3.de\/forschungsblog\/ausschreibungen","title":{"rendered":"Ausschreibungen"},"content":{"rendered":"<h2>Auf nach Gotha!<\/h2>\n<p>Es gibt viele M\u00f6glichkeiten und Gelegenheiten, nach Gotha zu kommen. Tragen Sie auf einer unserer <a href=\"https:\/\/www.gotha3.de\/forschungsblog\/events\">Tagungen<\/a> vor, recherchieren Sie in <a href=\"https:\/\/www.gotha3.de\/forschungsblog\/forschen-in-gotha\/forschungsbibliothek-gotha\">Bibliothek<\/a> und <a href=\"https:\/\/www.gotha3.de\/forschungsblog\/forschen-in-gotha\/landesarchiv-thuringen-staatsarchiv-gotha\">Archiv<\/a>, machen Sie ein Praktikum im Museum.<\/p>\n<p>Als Studierende des Masterstudiengangs <a href=\"https:\/\/www.uni-erfurt.de\/studium\/studienangebot\/master\/swk\/\">Sammlungsbezogene Wissens- und Kulturgeschichte<\/a> lernen Sie die Gothaer Best\u00e4nde aus n\u00e4chster N\u00e4he kennen. Als Forscher_in haben Sie die M\u00f6glichkeit, sich auf ein <a href=\"https:\/\/www.uni-erfurt.de\/forschungszentrum-gotha\/herzog-ernst-stipendien\/\">Herzog-Ernst-Stipendium der Fritz Thyssen Stiftung<\/a> zu bewerben. \u00dcber das Erfurter Promotions- und Postdoktorandenprogramm (EPPP) k\u00f6nnen Sie\u00a0in das <a href=\"https:\/\/www.uni-erfurt.de\/forschungszentrum-gotha\/nachwuchskolleg\/\">Nachwuchskolleg &#8222;Wissensgeschichte der Neuzeit&#8220;<\/a> aufgenommen werden.<\/p>\n<p>F\u00fcr l\u00e4ngere Forschungsaufenthalte stehen Wohnungen in einem G\u00e4stehaus zur Verf\u00fcgung. Kommen Sie nach Gotha &#8211; wie freuen uns auf Sie!<\/p>\n","protected":false},"excerpt":{"rendered":"<p>Auf nach Gotha! Es gibt viele M\u00f6glichkeiten und Gelegenheiten, nach Gotha zu kommen. Tragen Sie auf einer unserer Tagungen vor, recherchieren Sie in Bibliothek und Archiv, machen Sie ein Praktikum im Museum. Als Studierende des Masterstudiengangs Sammlungsbezogene Wissens- und Kulturgeschichte lernen Sie die Gothaer Best\u00e4nde aus n\u00e4chster N\u00e4he kennen. Als Forscher_in haben Sie die M\u00f6glichkeit, &hellip; <\/p>\n<p class=\"link-more\"><a href=\"https:\/\/www.gotha3.de\/forschungsblog\/ausschreibungen\" class=\"more-link\"><span class=\"screen-reader-text\">\u201eAusschreibungen\u201c<\/span> weiterlesen<\/a><\/p>\n","protected":false},"author":17,"featured_media":0,"parent":0,"menu_order":0,"comment_status":"closed","ping_status":"closed","template":"","meta":[],"post_mailing_queue_ids":[],"_links":{"self":[{"href":"https:\/\/www.gotha3.de\/forschungsblog\/wp-json\/wp\/v2\/pages\/2531"}],"collection":[{"href":"https:\/\/www.gotha3.de\/forschungsblog\/wp-json\/wp\/v2\/pages"}],"about":[{"href":"https:\/\/www.gotha3.de\/forschungsblog\/wp-json\/wp\/v2\/types\/page"}],"author":[{"embeddable":true,"href":"https:\/\/www.gotha3.de\/forschungsblog\/wp-json\/wp\/v2\/users\/17"}],"replies":[{"embeddable":true,"href":"https:\/\/www.gotha3.de\/forschungsblog\/wp-json\/wp\/v2\/comments?post=2531"}],"version-history":[{"count":20,"href":"https:\/\/www.gotha3.de\/forschungsblog\/wp-json\/wp\/v2\/pages\/2531\/revisions"}],"predecessor-version":[{"id":3654,"href":"https:\/\/www.gotha3.de\/forschungsblog\/wp-json\/wp\/v2\/pages\/2531\/revisions\/3654"}],"wp:attachment":[{"href":"https:\/\/www.gotha3.de\/forschungsblog\/wp-json\/wp\/v2\/media?parent=2531"}],"curies":[{"name":"wp","href":"https:\/\/api.w.org\/{rel}","templated":true}]}}