{"id":2638,"date":"2017-09-09T14:43:04","date_gmt":"2017-09-09T12:43:04","guid":{"rendered":"https:\/\/www.gotha3.de\/forschungsblog\/?page_id=2638"},"modified":"2020-12-08T15:28:52","modified_gmt":"2020-12-08T14:28:52","slug":"kontakt","status":"publish","type":"page","link":"https:\/\/www.gotha3.de\/forschungsblog\/uber-diesen-blog\/kontakt","title":{"rendered":"Kontakt"},"content":{"rendered":"<h3>In redaktionellen Fragen:<\/h3>\n<p>Dr. Markus Meumann<br \/>\n99867 Gotha<br \/>\n+49-361-737-1702<br \/>\n<a href=\"mailto:markus.meumann@uni-erfurt.de\">markus.meumann@uni-erfurt.de<\/a><\/p>\n<h3>F\u00fcr die technische Koordination:<\/h3>\n<p>Dr. Olaf Simons<br \/>\nForschungszentrum Gotha der Universit\u00e4t Erfurt<br \/>\nSchlo\u00dfberg 2<br \/>\n99867 Gotha<br \/>\n+49-361-737-1722<br \/>\n<a href=\"mailto:olaf.simons@uni-erfurt.de\">olaf.simons@uni-erfurt.de<\/a><\/p>\n","protected":false},"excerpt":{"rendered":"<p>In redaktionellen Fragen: Dr. Markus Meumann 99867 Gotha +49-361-737-1702 markus.meumann@uni-erfurt.de F\u00fcr die technische Koordination: Dr. Olaf Simons Forschungszentrum Gotha der Universit\u00e4t Erfurt Schlo\u00dfberg 2 99867 Gotha +49-361-737-1722 olaf.simons@uni-erfurt.de<\/p>\n","protected":false},"author":17,"featured_media":0,"parent":2521,"menu_order":0,"comment_status":"closed","ping_status":"closed","template":"","meta":[],"post_mailing_queue_ids":[],"_links":{"self":[{"href":"https:\/\/www.gotha3.de\/forschungsblog\/wp-json\/wp\/v2\/pages\/2638"}],"collection":[{"href":"https:\/\/www.gotha3.de\/forschungsblog\/wp-json\/wp\/v2\/pages"}],"about":[{"href":"https:\/\/www.gotha3.de\/forschungsblog\/wp-json\/wp\/v2\/types\/page"}],"author":[{"embeddable":true,"href":"https:\/\/www.gotha3.de\/forschungsblog\/wp-json\/wp\/v2\/users\/17"}],"replies":[{"embeddable":true,"href":"https:\/\/www.gotha3.de\/forschungsblog\/wp-json\/wp\/v2\/comments?post=2638"}],"version-history":[{"count":7,"href":"https:\/\/www.gotha3.de\/forschungsblog\/wp-json\/wp\/v2\/pages\/2638\/revisions"}],"predecessor-version":[{"id":4980,"href":"https:\/\/www.gotha3.de\/forschungsblog\/wp-json\/wp\/v2\/pages\/2638\/revisions\/4980"}],"up":[{"embeddable":true,"href":"https:\/\/www.gotha3.de\/forschungsblog\/wp-json\/wp\/v2\/pages\/2521"}],"wp:attachment":[{"href":"https:\/\/www.gotha3.de\/forschungsblog\/wp-json\/wp\/v2\/media?parent=2638"}],"curies":[{"name":"wp","href":"https:\/\/api.w.org\/{rel}","templated":true}]}}