{"id":3583,"date":"2018-12-19T13:32:05","date_gmt":"2018-12-19T12:32:05","guid":{"rendered":"https:\/\/www.gotha3.de\/forschungsblog\/?page_id=3583"},"modified":"2020-12-08T15:34:19","modified_gmt":"2020-12-08T14:34:19","slug":"gotha-portal","status":"publish","type":"page","link":"https:\/\/www.gotha3.de\/forschungsblog\/gotha-portal","title":{"rendered":"Gotha-Portal"},"content":{"rendered":"<p>Das Gotha-Portal ist ein digitales Projekt des Sammlungs- und Forschungsverbunds Gotha. Das Portal wird die verteilt vorliegenden digitalen Objekte, Sammlungen und Ressourcen der Verbundinstitutionen \u00fcber ein einziges Metaportal virtuell zusammenf\u00fchren und \u00fcber eine Gesamtsuche f\u00fcr Forschung und \u00d6ffentlichkeit zug\u00e4nglich und intuitiv recherchierbar machen. Als digitaler Forschungsraum erm\u00f6glicht es die orts- und zeitunabh\u00e4ngige Forschung mit dem digitalen Material sowie dessen Analyse, Annotation, Visualisierung, Edition und Publikation.<\/p>\n<p>Verschiedene Formate wie der Blog des Portals, ein virtuelles Ausstellungsportal und ein partizipatives Citizen-Science-Modul zum Einbezug interessierter B\u00fcrgerinnen und B\u00fcrger in Forschungsprozesse unterst\u00fctzen den gezielten Wissenstransfer in die Gesellschaft. Einer der zentralen Bausteine des Portals ist <a href=\"https:\/\/blog.factgrid.de\/\">FactGrid. \u201eA Database for Historians\u201c<\/a>, ein Kooperationsprojekt mit Wikimedia Deutschland e.V. Die Datenbank erm\u00f6glicht die semantische Vernetzung und Visualisierung historischer Daten von Personen, Orten, Objekten etc. und dient unter anderem der Zusammenf\u00fchrung verteilter, prosopographischer Informationen.<\/p>\n<p>Die Entwicklung des modularen, auf etablierten und generischen L\u00f6sungen aufsetzenden Gotha-Portals ist eng verbunden mit dem Kulturportal f\u00fcr Th\u00fcringen, dessen Komponenten wie das <a href=\"http:\/\/www.histinst.uni-jena.de\/Bereiche\/Geschlechtergeschichte\/Projekte\/Editionsportal+Th%C3%BCringen+.html\">Editionsportal<\/a> oder das virtuelle Ausstellungsportal im Gotha-Portal nachgenutzt werden.<\/p>\n<p>Projektleitung: <a href=\"https:\/\/www.uni-erfurt.de\/bibliothek\/fb\/kontakt\/dr-kathrin-paasch\/\">Dr. Kathrin Paasch<\/a><br \/>\nAnsprechpartnerin: <a href=\"https:\/\/www.uni-erfurt.de\/studienstaette-protestantismus\/wir-ueber-uns\/dr-hendrikje-carius\/\">Dr. Hendrikje Carius<\/a><\/p>\n","protected":false},"excerpt":{"rendered":"<p>Das Gotha-Portal ist ein digitales Projekt des Sammlungs- und Forschungsverbunds Gotha. Das Portal wird die verteilt vorliegenden digitalen Objekte, Sammlungen und Ressourcen der Verbundinstitutionen \u00fcber ein einziges Metaportal virtuell zusammenf\u00fchren und \u00fcber eine Gesamtsuche f\u00fcr Forschung und \u00d6ffentlichkeit zug\u00e4nglich und intuitiv recherchierbar machen. Als digitaler Forschungsraum erm\u00f6glicht es die orts- und zeitunabh\u00e4ngige Forschung mit dem &hellip; <\/p>\n<p class=\"link-more\"><a href=\"https:\/\/www.gotha3.de\/forschungsblog\/gotha-portal\" class=\"more-link\"><span class=\"screen-reader-text\">\u201eGotha-Portal\u201c<\/span> weiterlesen<\/a><\/p>\n","protected":false},"author":11,"featured_media":0,"parent":0,"menu_order":3,"comment_status":"closed","ping_status":"closed","template":"","meta":[],"post_mailing_queue_ids":[],"_links":{"self":[{"href":"https:\/\/www.gotha3.de\/forschungsblog\/wp-json\/wp\/v2\/pages\/3583"}],"collection":[{"href":"https:\/\/www.gotha3.de\/forschungsblog\/wp-json\/wp\/v2\/pages"}],"about":[{"href":"https:\/\/www.gotha3.de\/forschungsblog\/wp-json\/wp\/v2\/types\/page"}],"author":[{"embeddable":true,"href":"https:\/\/www.gotha3.de\/forschungsblog\/wp-json\/wp\/v2\/users\/11"}],"replies":[{"embeddable":true,"href":"https:\/\/www.gotha3.de\/forschungsblog\/wp-json\/wp\/v2\/comments?post=3583"}],"version-history":[{"count":6,"href":"https:\/\/www.gotha3.de\/forschungsblog\/wp-json\/wp\/v2\/pages\/3583\/revisions"}],"predecessor-version":[{"id":4981,"href":"https:\/\/www.gotha3.de\/forschungsblog\/wp-json\/wp\/v2\/pages\/3583\/revisions\/4981"}],"wp:attachment":[{"href":"https:\/\/www.gotha3.de\/forschungsblog\/wp-json\/wp\/v2\/media?parent=3583"}],"curies":[{"name":"wp","href":"https:\/\/api.w.org\/{rel}","templated":true}]}}