{"id":3729,"date":"2019-03-01T16:58:33","date_gmt":"2019-03-01T15:58:33","guid":{"rendered":"https:\/\/www.gotha3.de\/forschungsblog\/?page_id=3729"},"modified":"2020-02-19T10:32:32","modified_gmt":"2020-02-19T09:32:32","slug":"hinweise-zum-datenschutz","status":"publish","type":"page","link":"https:\/\/www.gotha3.de\/forschungsblog\/ausschreibungen\/hinweise-zum-datenschutz","title":{"rendered":"Hinweise zum Datenschutz"},"content":{"rendered":"<p>Mit der Einreichung Ihrer Bewerbung stimmen Sie der Verarbeitung Ihrer personenbezogenen Daten im Rahmen und zur Durchf\u00fchrung des Bewerbungsverfahrens zu. Diese Einwilligung kann jederzeit ohne Angabe von Gr\u00fcnden gegen\u00fcber dem Sammlungs- und Forschungsverbund schriftlich oder elektronisch widerrufen werden. Bitte beachten Sie, dass ein Widerruf der Einwilligung dazu f\u00fchrt, dass die Bewerbung im laufenden Verfahren nicht mehr ber\u00fccksichtigt werden kann. Die weiteren Hinweise zum Datenschutz gem\u00e4\u00df Art. 13 EU-Datenschutzgrundverordnung (EU-DSGVO) entnehmen Sie bitte unserem <a href=\"https:\/\/www.gotha3.de\/forschungsblog\/wp-content\/uploads\/2020\/02\/Datenschutzhinweise_fuer_BewerberInnen-1.pdf\">Hinweisblatt \u201eDatenschutzhinweise f\u00fcr Bewerber\/innen\u201c<\/a>.<\/p>\n<p>Bitte beachten Sie, dass Gef\u00e4hrdungen der Vertraulichkeit und der unbefugte Zugriff Dritter bei einer Kommunikation per unverschl\u00fcsselter E-Mail nicht ausgeschlossen werden k\u00f6nnen. F\u00fcr eine Verschl\u00fcsselung Ihrer E-Mail-Bewerbung stellen wir Ihnen deshalb <a href=\"https:\/\/www.gotha3.de\/forschungsblog\/Sammlungs-und-Forschungsverbund-Gotha.zip\">hier in einer ZIP-Datei<\/a> das Zertifikat mit dem \u00f6ffentlichen Schl\u00fcssel f\u00fcr die Adresse verbund.gotha@uni-erfurt.de im PEM-, DER- und PKCS#7-Format zur Verf\u00fcgung. Dieses Zertifikat k\u00f6nnen Sie in Ihr E-Mail-Programm (z.B. Mozilla Thunderbird, MS Outlook) importieren. Damit k\u00f6nnen Sie dann eine S\/MIME-verschl\u00fcsselte Mail an\u00a0 verbund.gotha@uni-erfurt.de senden.<\/p>\n","protected":false},"excerpt":{"rendered":"<p>Mit der Einreichung Ihrer Bewerbung stimmen Sie der Verarbeitung Ihrer personenbezogenen Daten im Rahmen und zur Durchf\u00fchrung des Bewerbungsverfahrens zu. Diese Einwilligung kann jederzeit ohne Angabe von Gr\u00fcnden gegen\u00fcber dem Sammlungs- und Forschungsverbund schriftlich oder elektronisch widerrufen werden. Bitte beachten Sie, dass ein Widerruf der Einwilligung dazu f\u00fchrt, dass die Bewerbung im laufenden Verfahren nicht &hellip; <\/p>\n<p class=\"link-more\"><a href=\"https:\/\/www.gotha3.de\/forschungsblog\/ausschreibungen\/hinweise-zum-datenschutz\" class=\"more-link\"><span class=\"screen-reader-text\">\u201eHinweise zum Datenschutz\u201c<\/span> weiterlesen<\/a><\/p>\n","protected":false},"author":17,"featured_media":0,"parent":2531,"menu_order":0,"comment_status":"closed","ping_status":"closed","template":"","meta":[],"post_mailing_queue_ids":[],"_links":{"self":[{"href":"https:\/\/www.gotha3.de\/forschungsblog\/wp-json\/wp\/v2\/pages\/3729"}],"collection":[{"href":"https:\/\/www.gotha3.de\/forschungsblog\/wp-json\/wp\/v2\/pages"}],"about":[{"href":"https:\/\/www.gotha3.de\/forschungsblog\/wp-json\/wp\/v2\/types\/page"}],"author":[{"embeddable":true,"href":"https:\/\/www.gotha3.de\/forschungsblog\/wp-json\/wp\/v2\/users\/17"}],"replies":[{"embeddable":true,"href":"https:\/\/www.gotha3.de\/forschungsblog\/wp-json\/wp\/v2\/comments?post=3729"}],"version-history":[{"count":4,"href":"https:\/\/www.gotha3.de\/forschungsblog\/wp-json\/wp\/v2\/pages\/3729\/revisions"}],"predecessor-version":[{"id":4512,"href":"https:\/\/www.gotha3.de\/forschungsblog\/wp-json\/wp\/v2\/pages\/3729\/revisions\/4512"}],"up":[{"embeddable":true,"href":"https:\/\/www.gotha3.de\/forschungsblog\/wp-json\/wp\/v2\/pages\/2531"}],"wp:attachment":[{"href":"https:\/\/www.gotha3.de\/forschungsblog\/wp-json\/wp\/v2\/media?parent=3729"}],"curies":[{"name":"wp","href":"https:\/\/api.w.org\/{rel}","templated":true}]}}