{"id":45,"date":"2017-07-05T15:36:21","date_gmt":"2017-07-05T13:36:21","guid":{"rendered":"https:\/\/www.gotha3.de\/forschungsblog\/?page_id=45"},"modified":"2017-09-15T14:50:23","modified_gmt":"2017-09-15T12:50:23","slug":"forschungsbibliothek-gotha","status":"publish","type":"page","link":"https:\/\/www.gotha3.de\/forschungsblog\/forschen-in-gotha\/forschungsbibliothek-gotha","title":{"rendered":"Forschungsbibliothek Gotha"},"content":{"rendered":"<figure id=\"attachment_2717\" aria-describedby=\"caption-attachment-2717\" style=\"width: 405px\" class=\"wp-caption aligncenter\"><img decoding=\"async\" loading=\"lazy\" class=\" wp-image-2717\" src=\"https:\/\/www.gotha3.de\/forschungsblog\/wp-content\/uploads\/2017\/07\/Bibliotheksgalerie-683x1024.png\" alt=\"\" width=\"405\" height=\"607\" srcset=\"https:\/\/www.gotha3.de\/forschungsblog\/wp-content\/uploads\/2017\/07\/Bibliotheksgalerie-683x1024.png 683w, https:\/\/www.gotha3.de\/forschungsblog\/wp-content\/uploads\/2017\/07\/Bibliotheksgalerie-200x300.png 200w, https:\/\/www.gotha3.de\/forschungsblog\/wp-content\/uploads\/2017\/07\/Bibliotheksgalerie-768x1151.png 768w\" sizes=\"(max-width: 405px) 100vw, 405px\" \/><figcaption id=\"caption-attachment-2717\" class=\"wp-caption-text\">Blick von der Bibliotheks-Galerie in den Pfeilersaal<\/figcaption><\/figure>\n<p>Die zur Universit\u00e4t Erfurt geh\u00f6rende <a href=\"http:\/\/www.uni-erfurt.de\/bibliothek\/fb\/\">Forschungsbibliothek Gotha<\/a> z\u00e4hlt zu den bedeutenden deutschen Bibliotheken mit historischen Sammlungen. Sie entstand im Zuge der Bildung des Herzogtums Sachsen-Gotha 1647 unter Herzog Ernst I. (1601-1675). Sie befindet sich seit Anfang des 18. Jahrhunderts nahezu ununterbrochen im Ostturm des Schlosses Friedenstein, wurde kontinuierlich durch die Herz\u00f6ge ausgebaut und nimmt heute den Ostfl\u00fcgel des Schlosses ein.<\/p>\n<figure id=\"attachment_2715\" aria-describedby=\"caption-attachment-2715\" style=\"width: 525px\" class=\"wp-caption aligncenter\"><img decoding=\"async\" loading=\"lazy\" class=\"size-large wp-image-2715\" src=\"https:\/\/www.gotha3.de\/forschungsblog\/wp-content\/uploads\/2017\/09\/KF_89_2_Pfeilersaal_2_OG-1024x684.png\" alt=\"\" width=\"525\" height=\"351\" srcset=\"https:\/\/www.gotha3.de\/forschungsblog\/wp-content\/uploads\/2017\/09\/KF_89_2_Pfeilersaal_2_OG-1024x684.png 1024w, https:\/\/www.gotha3.de\/forschungsblog\/wp-content\/uploads\/2017\/09\/KF_89_2_Pfeilersaal_2_OG-300x200.png 300w, https:\/\/www.gotha3.de\/forschungsblog\/wp-content\/uploads\/2017\/09\/KF_89_2_Pfeilersaal_2_OG-768x513.png 768w\" sizes=\"(max-width: 525px) 100vw, 525px\" \/><figcaption id=\"caption-attachment-2715\" class=\"wp-caption-text\">Bibliothekssaal im zweiten Obergeschoss des Ostturms, sogenannter Pfeilersaal<\/figcaption><\/figure>\n<p>Ihre <a href=\"https:\/\/www.uni-erfurt.de\/bibliothek\/fb\/profil\/profilbildende-sammlungen\/\">profilbildenden Sammlungen<\/a> sind die fr\u00fchneuzeitlichen Sammlungen, die orientalischen Handschriften und die Sammlung Perthes.<\/p>\n<h2>Kontakt<\/h2>\n<p>Forschungsbibliothek Gotha<br \/>\nSchloss Friedenstein<br \/>\n99867 Gotha<br \/>\n+49 361 737-5530<br \/>\n<a class=\"mail\" href=\"bibliothek.gotha@uni-erfurt.de\">bibliothek.gotha@uni-erfurt.de<\/a><\/p>\n<h2>Lageplan<\/h2>\n<p><iframe loading=\"lazy\" style=\"border: 0;\" src=\"https:\/\/www.google.com\/maps\/embed?pb=!1m18!1m12!1m3!1d2513.8239983592293!2d10.7032382153878!3d50.9454678795467!2m3!1f0!2f0!3f0!3m2!1i1024!2i768!4f13.1!3m3!1m2!1s0x47a47c0748c3fd77%3A0xb65ac2cad8deabe6!2sForschungsbibliothek+Gotha+der+Universit%C3%A4t+Erfurt!5e0!3m2!1sde!2sde!4v1504971135850\" width=\"600\" height=\"450\" frameborder=\"0\" allowfullscreen=\"allowfullscreen\"><\/iframe><\/p>\n","protected":false},"excerpt":{"rendered":"<p>Die zur Universit\u00e4t Erfurt geh\u00f6rende Forschungsbibliothek Gotha z\u00e4hlt zu den bedeutenden deutschen Bibliotheken mit historischen Sammlungen. Sie entstand im Zuge der Bildung des Herzogtums Sachsen-Gotha 1647 unter Herzog Ernst I. (1601-1675). Sie befindet sich seit Anfang des 18. Jahrhunderts nahezu ununterbrochen im Ostturm des Schlosses Friedenstein, wurde kontinuierlich durch die Herz\u00f6ge ausgebaut und nimmt heute &hellip; <\/p>\n<p class=\"link-more\"><a href=\"https:\/\/www.gotha3.de\/forschungsblog\/forschen-in-gotha\/forschungsbibliothek-gotha\" class=\"more-link\"><span class=\"screen-reader-text\">\u201eForschungsbibliothek Gotha\u201c<\/span> weiterlesen<\/a><\/p>\n","protected":false},"author":2,"featured_media":0,"parent":2,"menu_order":0,"comment_status":"closed","ping_status":"closed","template":"","meta":[],"post_mailing_queue_ids":[],"_links":{"self":[{"href":"https:\/\/www.gotha3.de\/forschungsblog\/wp-json\/wp\/v2\/pages\/45"}],"collection":[{"href":"https:\/\/www.gotha3.de\/forschungsblog\/wp-json\/wp\/v2\/pages"}],"about":[{"href":"https:\/\/www.gotha3.de\/forschungsblog\/wp-json\/wp\/v2\/types\/page"}],"author":[{"embeddable":true,"href":"https:\/\/www.gotha3.de\/forschungsblog\/wp-json\/wp\/v2\/users\/2"}],"replies":[{"embeddable":true,"href":"https:\/\/www.gotha3.de\/forschungsblog\/wp-json\/wp\/v2\/comments?post=45"}],"version-history":[{"count":14,"href":"https:\/\/www.gotha3.de\/forschungsblog\/wp-json\/wp\/v2\/pages\/45\/revisions"}],"predecessor-version":[{"id":2718,"href":"https:\/\/www.gotha3.de\/forschungsblog\/wp-json\/wp\/v2\/pages\/45\/revisions\/2718"}],"up":[{"embeddable":true,"href":"https:\/\/www.gotha3.de\/forschungsblog\/wp-json\/wp\/v2\/pages\/2"}],"wp:attachment":[{"href":"https:\/\/www.gotha3.de\/forschungsblog\/wp-json\/wp\/v2\/media?parent=45"}],"curies":[{"name":"wp","href":"https:\/\/api.w.org\/{rel}","templated":true}]}}