{"id":81,"date":"2017-07-05T17:16:30","date_gmt":"2017-07-05T15:16:30","guid":{"rendered":"https:\/\/www.gotha3.de\/forschungsblog\/?page_id=81"},"modified":"2019-08-29T17:10:58","modified_gmt":"2019-08-29T15:10:58","slug":"forschungszentrum-gotha-der-universitat-erfurt","status":"publish","type":"page","link":"https:\/\/www.gotha3.de\/forschungsblog\/forschen-in-gotha\/forschungszentrum-gotha-der-universitat-erfurt","title":{"rendered":"Forschungszentrum Gotha der Universit\u00e4t Erfurt"},"content":{"rendered":"<figure id=\"attachment_563\" aria-describedby=\"caption-attachment-563\" style=\"width: 1129px\" class=\"wp-caption alignleft\"><img decoding=\"async\" loading=\"lazy\" class=\"wp-image-563 size-full\" src=\"https:\/\/www.gotha3.de\/forschungsblog\/wp-content\/uploads\/2013\/03\/fge_logo_24.jpg\" alt=\"\" width=\"1129\" height=\"636\" srcset=\"https:\/\/www.gotha3.de\/forschungsblog\/wp-content\/uploads\/2013\/03\/fge_logo_24.jpg 1129w, https:\/\/www.gotha3.de\/forschungsblog\/wp-content\/uploads\/2013\/03\/fge_logo_24-300x169.jpg 300w, https:\/\/www.gotha3.de\/forschungsblog\/wp-content\/uploads\/2013\/03\/fge_logo_24-768x433.jpg 768w, https:\/\/www.gotha3.de\/forschungsblog\/wp-content\/uploads\/2013\/03\/fge_logo_24-1024x577.jpg 1024w\" sizes=\"(max-width: 767px) 89vw, (max-width: 1000px) 54vw, (max-width: 1071px) 543px, 580px\" \/><figcaption id=\"caption-attachment-563\" class=\"wp-caption-text\">Signet des Forschungszentrums<\/figcaption><\/figure>\n<p style=\"text-align: left;\">Das <a href=\"http:\/\/www.uni-erfurt.de\/forschungszentrum-gotha\">Forschungszentrum Gotha (FZG)<\/a> ist eine zentrale Einrichtung der <a href=\"https:\/\/www.uni-erfurt.de\/\">Universit\u00e4t Erfurt<\/a>. Untergebracht im ehemaligen Landschaftshaus am Schlo\u00dfberg\u00a0 steht es in engem Kontakt zur Forschungsbibliothek und den \u00fcbrigen Sammlungen am Ort. Unser <a href=\"http:\/\/www.uni-erfurt.de\/fileadmin\/public-docs\/Hochschulrecht\/Satzungsrecht_UE\/A-O-Satzungen\/Org_S_FZG__2013-04-26.pdf\">Auftrag <\/a>ist es, Forscherinnen und Forschern, die mit Gothas Best\u00e4nden arbeiten, zur Seite zu stehen.<\/p>\n<figure id=\"attachment_4126\" aria-describedby=\"caption-attachment-4126\" style=\"width: 799px\" class=\"wp-caption alignleft\"><a href=\"https:\/\/www.gotha3.de\/forschungsblog\/wp-content\/uploads\/2019\/08\/799px-Landschaftshaus_Schlossberg_2_Gotha__3_.jpg\"><img decoding=\"async\" loading=\"lazy\" class=\"size-full wp-image-4126\" src=\"https:\/\/www.gotha3.de\/forschungsblog\/wp-content\/uploads\/2019\/08\/799px-Landschaftshaus_Schlossberg_2_Gotha__3_.jpg\" alt=\"\" width=\"799\" height=\"599\" srcset=\"https:\/\/www.gotha3.de\/forschungsblog\/wp-content\/uploads\/2019\/08\/799px-Landschaftshaus_Schlossberg_2_Gotha__3_.jpg 799w, https:\/\/www.gotha3.de\/forschungsblog\/wp-content\/uploads\/2019\/08\/799px-Landschaftshaus_Schlossberg_2_Gotha__3_-300x225.jpg 300w, https:\/\/www.gotha3.de\/forschungsblog\/wp-content\/uploads\/2019\/08\/799px-Landschaftshaus_Schlossberg_2_Gotha__3_-768x576.jpg 768w\" sizes=\"(max-width: 767px) 89vw, (max-width: 1000px) 54vw, (max-width: 1071px) 543px, 580px\" \/><\/a><figcaption id=\"caption-attachment-4126\" class=\"wp-caption-text\">Das ehemalige Landschaftshaus<\/figcaption><\/figure>\n<p>Wir bieten die Chance, Projekte zu Gothaer Best\u00e4nden am Forschungszentrum zu realisieren &#8211; dabei unterst\u00fctzt Sie vor Ort unser <a href=\"https:\/\/www.uni-erfurt.de\/forschungszentrum-gotha\/mitar\/\">Team <\/a>. Die Universit\u00e4t Erfurt stellt die institutionelle Anbindung und die technische Infrastruktur zur Verf\u00fcgung.<\/p>\n<p>Promotionen zu Gothaer Best\u00e4nden entstehen unter der Betreuung der Wissenschaftler*innen am Haus und der mit uns assoziierten Wissenschaftler*innen aus Erfurt.<\/p>\n<p>Wir vermitteln Stipendien f\u00fcr <a href=\"https:\/\/www.uni-erfurt.de\/index.php?id=32085&amp;L=0\">Nachwuchswissenschaftler*innen<\/a> und <a href=\"https:\/\/www.uni-erfurt.de\/forschungszentrum-gotha\/herzog-ernst-stipendien\/\">Gastwissenschaftler*innen<\/a> von unterschiedlicher Dauer mit Anbindung an unsere Arbeitspl\u00e4tze.<\/p>\n<figure id=\"attachment_4143\" aria-describedby=\"caption-attachment-4143\" style=\"width: 1000px\" class=\"wp-caption aligncenter\"><a href=\"https:\/\/www.gotha3.de\/forschungsblog\/wp-content\/uploads\/2019\/08\/DSCN5882a.jpg\"><img decoding=\"async\" loading=\"lazy\" class=\"size-full wp-image-4143\" src=\"https:\/\/www.gotha3.de\/forschungsblog\/wp-content\/uploads\/2019\/08\/DSCN5882a.jpg\" alt=\"\" width=\"1000\" height=\"750\" srcset=\"https:\/\/www.gotha3.de\/forschungsblog\/wp-content\/uploads\/2019\/08\/DSCN5882a.jpg 1000w, https:\/\/www.gotha3.de\/forschungsblog\/wp-content\/uploads\/2019\/08\/DSCN5882a-300x225.jpg 300w, https:\/\/www.gotha3.de\/forschungsblog\/wp-content\/uploads\/2019\/08\/DSCN5882a-768x576.jpg 768w\" sizes=\"(max-width: 767px) 89vw, (max-width: 1000px) 54vw, (max-width: 1071px) 543px, 580px\" \/><\/a><figcaption id=\"caption-attachment-4143\" class=\"wp-caption-text\">Konferenz im Vortragssaal des FZG<\/figcaption><\/figure>\n<p>Das Forschungszentrum selbst ist als Schnittstelle und Treffpunkt eine sich laufend neu konfigurierende Kontaktb\u00f6rse und Projektschmiede mit enger universit\u00e4rer Anbindung nach Erfurt. Ein reicher <a href=\"https:\/\/www.gotha3.de\/forschungsblog\/archives\/category\/institutionen\/fzg-nachrichten\">Veranstaltungskalender <\/a>ist das Ergebnis dieser Arbeit. Stipendiat*innen und Gastwissenschaftler*innen halten in den Semesterzeiten w\u00f6chentlich Vortr\u00e4ge am Haus. Die Veranstaltungen sind stets \u00f6ffentlich.<\/p>\n<h2>Kontakt<\/h2>\n<p><strong>Adresse<\/strong><br \/>\nForschungszentrum Gotha der Universit\u00e4t Erfurt<br \/>\nSchlo\u00dfberg 2<br \/>\n99867 Gotha<strong><br \/>\n<\/strong><\/p>\n<p>Tel.: +49 361 737-1700<br \/>\nFax: +49 361 737-1709<br \/>\nEmail: <a href=\"mailto:forschungszentrum.gotha@uni-erfurt.de\">forschungszentrum.gotha@uni-erfurt.de<\/a><\/p>\n<h2>Lageplan<\/h2>\n<p><iframe loading=\"lazy\" style=\"border: 0;\" src=\"https:\/\/www.google.com\/maps\/embed?pb=!1m18!1m12!1m3!1d2513.7117647527302!2d10.70000131607196!3d50.94754335930225!2m3!1f0!2f0!3f0!3m2!1i1024!2i768!4f13.1!3m3!1m2!1s0x47a47c0710cb7e79%3A0x5607f0862679643f!2sForschungszentrum%20Gotha%20der%20Universit%C3%A4t%20Erfurt!5e0!3m2!1sde!2sde!4v1567088512395!5m2!1sde!2sde\" width=\"600\" height=\"450\" frameborder=\"0\" allowfullscreen=\"allowfullscreen\"><\/iframe><\/p>\n","protected":false},"excerpt":{"rendered":"<p>Das Forschungszentrum Gotha (FZG) ist eine zentrale Einrichtung der Universit\u00e4t Erfurt. Untergebracht im ehemaligen Landschaftshaus am Schlo\u00dfberg\u00a0 steht es in engem Kontakt zur Forschungsbibliothek und den \u00fcbrigen Sammlungen am Ort. Unser Auftrag ist es, Forscherinnen und Forschern, die mit Gothas Best\u00e4nden arbeiten, zur Seite zu stehen. Wir bieten die Chance, Projekte zu Gothaer Best\u00e4nden am &hellip; <\/p>\n<p class=\"link-more\"><a href=\"https:\/\/www.gotha3.de\/forschungsblog\/forschen-in-gotha\/forschungszentrum-gotha-der-universitat-erfurt\" class=\"more-link\"><span class=\"screen-reader-text\">\u201eForschungszentrum Gotha der Universit\u00e4t Erfurt\u201c<\/span> weiterlesen<\/a><\/p>\n","protected":false},"author":2,"featured_media":0,"parent":2,"menu_order":0,"comment_status":"closed","ping_status":"closed","template":"","meta":[],"post_mailing_queue_ids":[],"_links":{"self":[{"href":"https:\/\/www.gotha3.de\/forschungsblog\/wp-json\/wp\/v2\/pages\/81"}],"collection":[{"href":"https:\/\/www.gotha3.de\/forschungsblog\/wp-json\/wp\/v2\/pages"}],"about":[{"href":"https:\/\/www.gotha3.de\/forschungsblog\/wp-json\/wp\/v2\/types\/page"}],"author":[{"embeddable":true,"href":"https:\/\/www.gotha3.de\/forschungsblog\/wp-json\/wp\/v2\/users\/2"}],"replies":[{"embeddable":true,"href":"https:\/\/www.gotha3.de\/forschungsblog\/wp-json\/wp\/v2\/comments?post=81"}],"version-history":[{"count":45,"href":"https:\/\/www.gotha3.de\/forschungsblog\/wp-json\/wp\/v2\/pages\/81\/revisions"}],"predecessor-version":[{"id":4144,"href":"https:\/\/www.gotha3.de\/forschungsblog\/wp-json\/wp\/v2\/pages\/81\/revisions\/4144"}],"up":[{"embeddable":true,"href":"https:\/\/www.gotha3.de\/forschungsblog\/wp-json\/wp\/v2\/pages\/2"}],"wp:attachment":[{"href":"https:\/\/www.gotha3.de\/forschungsblog\/wp-json\/wp\/v2\/media?parent=81"}],"curies":[{"name":"wp","href":"https:\/\/api.w.org\/{rel}","templated":true}]}}