{"id":85,"date":"2017-07-05T17:18:18","date_gmt":"2017-07-05T15:18:18","guid":{"rendered":"https:\/\/www.gotha3.de\/forschungsblog\/?page_id=85"},"modified":"2018-03-02T14:34:52","modified_gmt":"2018-03-02T13:34:52","slug":"stiftung-schloss-friedenstein-gotha","status":"publish","type":"page","link":"https:\/\/www.gotha3.de\/forschungsblog\/forschen-in-gotha\/stiftung-schloss-friedenstein-gotha","title":{"rendered":"Stiftung Schloss Friedenstein Gotha"},"content":{"rendered":"<p>In Gotha hat sich mit Schloss Friedenstein und seinen Best\u00e4nden ein einzigartiges Ensemble erhalten mit den historischen Repr\u00e4sentationsr\u00e4umen aus Barock und Klassizismus, dem Ekhof-Theater und ebenso vielf\u00e4ltigen wie reichen kunstgeschichtlichen, historischen und naturkundlichen Sammlungen, die in drei Museen im Schloss (Schlossmuseum, Historisches Museum, Museum der Natur) und im Herzoglichen Museum pr\u00e4sentiert werden. Hier l\u00e4sst sich vorz\u00fcglich barockes und aufkl\u00e4rerisches Denken und Handeln nachvollziehen. Betreut werden die historischen Schlossr\u00e4ume und Sammlungen von der am 1. Januar 2004 gegr\u00fcndeten <a href=\"http:\/\/www.stiftungfriedenstein.de\/index.php\">Stiftung Schloss Friedenstein Gotha<\/a>.<\/p>\n<p>Die weltweite Einzigartigkeit dieses barocken Erbes in Gotha liegt darin, dass sich neben dem Schlossbau mit seinen Innenr\u00e4umen und dem bemerkenswerten Schlosspark mit Orangerie auch alle Sammlungen seit mehr als 350 Jahren an diesem Ort erhalten haben.<\/p>\n<h2>Kontakt<\/h2>\n<p>Stiftung Schloss Friedenstein Gotha<br \/>\nSchloss Friedenstein<br \/>\nSchlossplatz 1<br \/>\n99867 Gotha<br \/>\nTel. 03621 8234-0<br \/>\nFax 03621 8234-290<br \/>\nservice@stiftung-friedenstein.de<\/p>\n<h2>Lageplan<\/h2>\n<p><iframe loading=\"lazy\" src=\"https:\/\/www.google.com\/maps\/embed?pb=!1m18!1m12!1m3!1d7110.490247205095!2d10.700461822112878!3d50.94336083146469!2m3!1f0!2f0!3f0!3m2!1i1024!2i768!4f13.1!3m3!1m2!1s0x47a47c07221e2cdf%3A0x57221a45e5f7eac9!2sSchloss+Friedenstein+Gotha!5e0!3m2!1sde!2sde!4v1504970848614\" width=\"600\" height=\"450\" frameborder=\"0\" allowfullscreen=\"allowfullscreen\"><\/iframe><\/p>\n","protected":false},"excerpt":{"rendered":"<p>In Gotha hat sich mit Schloss Friedenstein und seinen Best\u00e4nden ein einzigartiges Ensemble erhalten mit den historischen Repr\u00e4sentationsr\u00e4umen aus Barock und Klassizismus, dem Ekhof-Theater und ebenso vielf\u00e4ltigen wie reichen kunstgeschichtlichen, historischen und naturkundlichen Sammlungen, die in drei Museen im Schloss (Schlossmuseum, Historisches Museum, Museum der Natur) und im Herzoglichen Museum pr\u00e4sentiert werden. Hier l\u00e4sst sich &hellip; <\/p>\n<p class=\"link-more\"><a href=\"https:\/\/www.gotha3.de\/forschungsblog\/forschen-in-gotha\/stiftung-schloss-friedenstein-gotha\" class=\"more-link\"><span class=\"screen-reader-text\">\u201eStiftung Schloss Friedenstein Gotha\u201c<\/span> weiterlesen<\/a><\/p>\n","protected":false},"author":2,"featured_media":0,"parent":2,"menu_order":0,"comment_status":"closed","ping_status":"closed","template":"","meta":[],"post_mailing_queue_ids":[],"_links":{"self":[{"href":"https:\/\/www.gotha3.de\/forschungsblog\/wp-json\/wp\/v2\/pages\/85"}],"collection":[{"href":"https:\/\/www.gotha3.de\/forschungsblog\/wp-json\/wp\/v2\/pages"}],"about":[{"href":"https:\/\/www.gotha3.de\/forschungsblog\/wp-json\/wp\/v2\/types\/page"}],"author":[{"embeddable":true,"href":"https:\/\/www.gotha3.de\/forschungsblog\/wp-json\/wp\/v2\/users\/2"}],"replies":[{"embeddable":true,"href":"https:\/\/www.gotha3.de\/forschungsblog\/wp-json\/wp\/v2\/comments?post=85"}],"version-history":[{"count":7,"href":"https:\/\/www.gotha3.de\/forschungsblog\/wp-json\/wp\/v2\/pages\/85\/revisions"}],"predecessor-version":[{"id":3172,"href":"https:\/\/www.gotha3.de\/forschungsblog\/wp-json\/wp\/v2\/pages\/85\/revisions\/3172"}],"up":[{"embeddable":true,"href":"https:\/\/www.gotha3.de\/forschungsblog\/wp-json\/wp\/v2\/pages\/2"}],"wp:attachment":[{"href":"https:\/\/www.gotha3.de\/forschungsblog\/wp-json\/wp\/v2\/media?parent=85"}],"curies":[{"name":"wp","href":"https:\/\/api.w.org\/{rel}","templated":true}]}}